{"id":20,"date":"2025-06-09T14:24:30","date_gmt":"2025-06-09T14:24:30","guid":{"rendered":"https:\/\/fundacionledorvador.org\/?page_id=20"},"modified":"2025-07-03T22:02:54","modified_gmt":"2025-07-03T22:02:54","slug":"como-colaborar","status":"publish","type":"page","link":"https:\/\/fundacionledorvador.org\/en\/como-colaborar\/","title":{"rendered":"How to collaborate"},"content":{"rendered":"<div data-elementor-type=\"wp-page\" data-elementor-id=\"20\" class=\"elementor elementor-20\" data-elementor-post-type=\"page\">\n\t\t\t\t<div class=\"elementor-element elementor-element-9f65ccc e-flex e-con-boxed e-con e-parent\" data-id=\"9f65ccc\" data-element_type=\"container\" data-e-type=\"container\" data-settings=\"{&quot;background_background&quot;:&quot;classic&quot;}\">\n\t\t\t\t\t<div class=\"e-con-inner\">\n\t\t\t\t<div class=\"elementor-element elementor-element-f84a49d elementor-widget elementor-widget-heading\" data-id=\"f84a49d\" data-element_type=\"widget\" data-e-type=\"widget\" data-widget_type=\"heading.default\">\n\t\t\t\t<div class=\"elementor-widget-container\">\n\t\t\t\t\t<h2 class=\"elementor-heading-title elementor-size-default\">How to collaborate<\/h2>\t\t\t\t<\/div>\n\t\t\t\t<\/div>\n\t\t\t\t\t<\/div>\n\t\t\t\t<\/div>\n\t\t<div class=\"elementor-element elementor-element-9abb3c9 e-flex e-con-boxed e-con e-parent\" data-id=\"9abb3c9\" data-element_type=\"container\" data-e-type=\"container\" data-settings=\"{&quot;background_background&quot;:&quot;classic&quot;}\">\n\t\t\t\t\t<div class=\"e-con-inner\">\n\t\t<div class=\"elementor-element elementor-element-5304fc1 e-con-full e-flex e-con e-child\" data-id=\"5304fc1\" data-element_type=\"container\" data-e-type=\"container\" data-settings=\"{&quot;background_background&quot;:&quot;classic&quot;}\">\n\t\t\t\t<div class=\"elementor-element elementor-element-0903e54 elementor-hidden-desktop elementor-hidden-tablet elementor-hidden-mobile elementor-widget elementor-widget-heading\" data-id=\"0903e54\" data-element_type=\"widget\" data-e-type=\"widget\" data-widget_type=\"heading.default\">\n\t\t\t\t<div class=\"elementor-widget-container\">\n\t\t\t\t\t<h2 class=\"elementor-heading-title elementor-size-default\">Donaciones<\/h2>\t\t\t\t<\/div>\n\t\t\t\t<\/div>\n\t\t\t\t<div class=\"elementor-element elementor-element-dce276c elementor-widget elementor-widget-text-editor\" data-id=\"dce276c\" data-element_type=\"widget\" data-e-type=\"widget\" data-widget_type=\"text-editor.default\">\n\t\t\t\t<div class=\"elementor-widget-container\">\n\t\t\t\t\t\t\t\t\t<h5>At LeDor VaDor, every donation is a gesture of love and commitment to the dignity of our seniors. Donating is much more than giving: it is embracing a cause, it is building a present and a future.\u00a0<\/h5><h5>Each contribution strengthens our mission to care for, accompany and provide quality of life to those who have forged our path, whether through donations, such as economic contributions or goods, or through volunteering, offering time or knowledge.<\/h5><h5>Your generosity is transformed into containment and opportunities. Because at LeDor VaDor, every act of solidarity multiplies into well-being.<\/h5>\t\t\t\t\t\t\t\t<\/div>\n\t\t\t\t<\/div>\n\t\t\t\t<div class=\"elementor-element elementor-element-719b094 elementor-align-center elementor-widget elementor-widget-button\" data-id=\"719b094\" data-element_type=\"widget\" data-e-type=\"widget\" data-widget_type=\"button.default\">\n\t\t\t\t<div class=\"elementor-widget-container\">\n\t\t\t\t\t\t\t\t\t<div class=\"elementor-button-wrapper\">\n\t\t\t\t\t<a class=\"elementor-button elementor-button-link elementor-size-sm\" href=\"mailto:fundacion@ledorvador.org.ar\">\n\t\t\t\t\t\t<span class=\"elementor-button-content-wrapper\">\n\t\t\t\t\t\t\t\t\t<span class=\"elementor-button-text\">Contact<\/span>\n\t\t\t\t\t<\/span>\n\t\t\t\t\t<\/a>\n\t\t\t\t<\/div>\n\t\t\t\t\t\t\t\t<\/div>\n\t\t\t\t<\/div>\n\t\t\t\t<\/div>\n\t\t<div class=\"elementor-element elementor-element-5cb9fa5 e-con-full elementor-hidden-desktop elementor-hidden-tablet elementor-hidden-mobile e-flex e-con e-child\" data-id=\"5cb9fa5\" data-element_type=\"container\" data-e-type=\"container\" data-settings=\"{&quot;background_background&quot;:&quot;classic&quot;}\">\n\t\t\t\t<div class=\"elementor-element elementor-element-fa771f3 elementor-widget elementor-widget-heading\" data-id=\"fa771f3\" data-element_type=\"widget\" data-e-type=\"widget\" data-widget_type=\"heading.default\">\n\t\t\t\t<div class=\"elementor-widget-container\">\n\t\t\t\t\t<h2 class=\"elementor-heading-title elementor-size-default\">Voluntariado<\/h2>\t\t\t\t<\/div>\n\t\t\t\t<\/div>\n\t\t\t\t<div class=\"elementor-element elementor-element-020ff94 elementor-widget elementor-widget-heading\" data-id=\"020ff94\" data-element_type=\"widget\" data-e-type=\"widget\" data-widget_type=\"heading.default\">\n\t\t\t\t<div class=\"elementor-widget-container\">\n\t\t\t\t\t<h5 class=\"elementor-heading-title elementor-size-default\">El voluntariado es una actividad en la que una persona dedica su tiempo, esfuerzo y habilidades para ayudar a una causa o comunidad sin recibir una compensaci\u00f3n econ\u00f3mica a cambio. Puede enfocarse en diferentes \u00e1reas, como educaci\u00f3n, salud, medio ambiente o asistencia social. A trav\u00e9s del voluntariado, se busca generar un impacto positivo, fortalecer la solidaridad y contribuir al bienestar de quienes m\u00e1s lo necesitan.<\/h5>\t\t\t\t<\/div>\n\t\t\t\t<\/div>\n\t\t\t\t<div class=\"elementor-element elementor-element-f429f41 elementor-align-center elementor-widget elementor-widget-button\" data-id=\"f429f41\" data-element_type=\"widget\" data-e-type=\"widget\" data-widget_type=\"button.default\">\n\t\t\t\t<div class=\"elementor-widget-container\">\n\t\t\t\t\t\t\t\t\t<div class=\"elementor-button-wrapper\">\n\t\t\t\t\t<a class=\"elementor-button elementor-button-link elementor-size-sm\" href=\"#\">\n\t\t\t\t\t\t<span class=\"elementor-button-content-wrapper\">\n\t\t\t\t\t\t\t\t\t<span class=\"elementor-button-text\">Contact<\/span>\n\t\t\t\t\t<\/span>\n\t\t\t\t\t<\/a>\n\t\t\t\t<\/div>\n\t\t\t\t\t\t\t\t<\/div>\n\t\t\t\t<\/div>\n\t\t\t\t<\/div>\n\t\t\t\t\t<\/div>\n\t\t\t\t<\/div>\n\t\t\t\t<\/div>","protected":false},"excerpt":{"rendered":"<p>Donaciones En LeDor VaDor, cada donaci\u00f3n es un gesto de amor y compromiso con la dignidad de nuestros adultos mayores. Donar es mucho m\u00e1s que dar: es abrazar una causa, es construir presente y futuro.\u00a0 Cada contribuci\u00f3n fortalece nuestra misi\u00f3n de cuidar, acompa\u00f1ar y brindar calidad de vida a quienes forjaron nuestro camino, ya sea [&hellip;]<\/p>","protected":false},"author":1,"featured_media":0,"parent":0,"menu_order":0,"comment_status":"closed","ping_status":"closed","template":"","meta":{"_acf_changed":false,"footnotes":""},"class_list":["post-20","page","type-page","status-publish","hentry"],"acf":[],"_links":{"self":[{"href":"https:\/\/fundacionledorvador.org\/en\/wp-json\/wp\/v2\/pages\/20","targetHints":{"allow":["GET"]}}],"collection":[{"href":"https:\/\/fundacionledorvador.org\/en\/wp-json\/wp\/v2\/pages"}],"about":[{"href":"https:\/\/fundacionledorvador.org\/en\/wp-json\/wp\/v2\/types\/page"}],"author":[{"embeddable":true,"href":"https:\/\/fundacionledorvador.org\/en\/wp-json\/wp\/v2\/users\/1"}],"replies":[{"embeddable":true,"href":"https:\/\/fundacionledorvador.org\/en\/wp-json\/wp\/v2\/comments?post=20"}],"version-history":[{"count":52,"href":"https:\/\/fundacionledorvador.org\/en\/wp-json\/wp\/v2\/pages\/20\/revisions"}],"predecessor-version":[{"id":703,"href":"https:\/\/fundacionledorvador.org\/en\/wp-json\/wp\/v2\/pages\/20\/revisions\/703"}],"wp:attachment":[{"href":"https:\/\/fundacionledorvador.org\/en\/wp-json\/wp\/v2\/media?parent=20"}],"curies":[{"name":"wp","href":"https:\/\/api.w.org\/{rel}","templated":true}]}}